{"id":10,"date":"2018-05-18T14:16:13","date_gmt":"2018-05-18T14:16:13","guid":{"rendered":"http:\/\/apartments-pavic.com\/?page_id=10"},"modified":"2021-05-26T07:38:25","modified_gmt":"2021-05-26T07:38:25","slug":"kontakt","status":"publish","type":"page","link":"https:\/\/apartments-pavic.com\/hr\/kontakt\/","title":{"rendered":"Kontakt"},"content":{"rendered":"<div class=\"wpb-content-wrapper\"><p>[vc_row full_width=&#8221;stretch_row_content_no_spaces&#8221; el_class=&#8221;karta&#8221; kswr_row_top_decor_enabled=&#8221;false&#8221; kswr_row_bottom_decor_enabled=&#8221;false&#8221; css=&#8221;.vc_custom_1543504846280{margin-top: -100px !important;}&#8221;][vc_column]<div id='wrap_map_69f5052ec7f28' class='ultimate-map-wrapper ult-adjust-bottom-margin ' style=' height:550px;'><div id='map_69f5052ec7f28' data-map_override='0' class='ultimate_google_map wpb_content_element 0' style='width:100%;height:550px;'><\/div><\/div><script type='text\/javascript'>\n\t\t\t(function($) {\n  \t\t\t'use strict';\n\t\t\tvar map_map_69f5052ec7f28 = null;\n\t\t\tvar coordinate_map_69f5052ec7f28;\n\t\t\tvar isDraggable = $(document).width() > 641 ? 'true' : 'true';\n\t\t\ttry\n\t\t\t{\n\t\t\t\tvar map_map_69f5052ec7f28 = null;\n\t\t\t\tvar coordinate_map_69f5052ec7f28;\n\t\t\t\tcoordinate_map_69f5052ec7f28 = new google.maps.LatLng(44.294037, 15.075597);\n\t\t\t\tvar mapOptions=\n\t\t\t\t{\n\t\t\t\t\tzoom: 15,\n\t\t\t\t\tcenter: coordinate_map_69f5052ec7f28,\n\t\t\t\t\tscaleControl: true,\n\t\t\t\t\tstreetViewControl: false,\n\t\t\t\t\tmapTypeControl: true,\n\t\t\t\t\tpanControl: false,\n\t\t\t\t\tzoomControl: true,\n\t\t\t\t\tscrollwheel: false,\n\t\t\t\t\tdraggable: isDraggable,\n\t\t\t\t\tzoomControlOptions: {\n\t\t\t\t\t\tposition: google.maps.ControlPosition.right_bottom\n\t\t\t\t\t},mapTypeId: google.maps.MapTypeId.roadmap,};var map_map_69f5052ec7f28 = new google.maps.Map(document.getElementById('map_69f5052ec7f28'),mapOptions);\n\t\t\t\t\t\tvar x = 'infowindow_open_value';\n\t\t\t\t\t\tvar marker_map_69f5052ec7f28 = new google.maps.Marker({\n\t\t\t\t\t\tposition: new google.maps.LatLng('44.294037', '15.075597'),\n\t\t\t\t\t\tanimation:  google.maps.Animation.DROP,\n\t\t\t\t\t\tmap: map_map_69f5052ec7f28,\n\t\t\t\t\t\ticon: ''\n\t\t\t\t\t});\tgoogle.maps.event.addListener(marker_map_69f5052ec7f28, 'click', toggleBounce);}\n\t\t\tcatch(e){};\n\t\t\tjQuery(document).ready(function($){\n\t\t\t\tgoogle.maps.event.trigger(map_map_69f5052ec7f28, 'resize');\n\t\t\t\t$(window).on('resize', function(){\n\t\t\t\t\tgoogle.maps.event.trigger(map_map_69f5052ec7f28, 'resize');\n\t\t\t\t\tif(map_map_69f5052ec7f28!=null)\n\t\t\t\t\t\tmap_map_69f5052ec7f28.setCenter(coordinate_map_69f5052ec7f28);\n\t\t\t\t});\n\t\t\t\t$('.ui-tabs').on('tabsactivate', function(event, ui) {\n\t\t\t\t   if($(this).find('.ultimate-map-wrapper').length > 0)\n\t\t\t\t\t{\n\t\t\t\t\t\tsetTimeout(function(){\n\t\t\t\t\t\t\t$(window).trigger('resize');\n\t\t\t\t\t\t},200);\n\t\t\t\t\t}\n\t\t\t\t});\n\t\t\t\t$('.ui-accordion').on('accordionactivate', function(event, ui) {\n\t\t\t\t   if($(this).find('.ultimate-map-wrapper').length > 0)\n\t\t\t\t\t{\n\t\t\t\t\t\tsetTimeout(function(){\n\t\t\t\t\t\t\t$(window).trigger('resize');\n\t\t\t\t\t\t},200);\n\t\t\t\t\t}\n\t\t\t\t});\n\t\t\t\t$(window).on('load',function(){\n\t\t\t\t\tsetTimeout(function(){\n\t\t\t\t\t\t$(window).trigger('resize');\n\t\t\t\t\t},200);\n\t\t\t\t});\n\t\t\t\t$('.ult_exp_section').on('select', function(){\n\t\t\t\t\tif($(map_map_69f5052ec7f28).parents('.ult_exp_section'))\n\t\t\t\t\t{\n\t\t\t\t\t\tsetTimeout(function(){\n\t\t\t\t\t\t\t$(window).trigger('resize');\n\t\t\t\t\t\t},200);\n\t\t\t\t\t}\n\t\t\t\t});\n\t\t\t\t$(document).on('onUVCModalPopupOpen', function(){\n\t\t\t\t\tif($(map_map_69f5052ec7f28).parents('.ult_modal-content'))\n\t\t\t\t\t{\n\t\t\t\t\t\tsetTimeout(function(){\n\t\t\t\t\t\t\t$(window).trigger('resize');\n\t\t\t\t\t\t},200);\n\t\t\t\t\t}\n\t\t\t\t});\n\t\t\t\t$(document).on('click','.ult_tab_li',function(){\n\t\t\t\t\t$(window).trigger('resize');\n\t\t\t\t\tsetTimeout(function(){\n\t\t\t\t\t\t$(window).trigger('resize');\n\t\t\t\t\t},200);\n\t\t\t\t});\n\t\t\t});\n\t\t\tfunction toggleBounce() {\n\t\t\t  if (marker_map_69f5052ec7f28.getAnimation() != null) {\n\t\t\t\tmarker_map_69f5052ec7f28.setAnimation(null);\n\t\t\t  } else {\n\t\t\t\tmarker_map_69f5052ec7f28.setAnimation(google.maps.Animation.BOUNCE);\n\t\t\t  }\n\t\t\t}\n\t\t\t})(jQuery);\n\t\t\t<\/script>[\/vc_column][\/vc_row][vc_row full_width=&#8221;stretch_row&#8221; css=&#8221;.vc_custom_1519673703568{padding-top: 40px !important;padding-bottom: 40px !important;background-color: #fcfcfc !important;background-position: 0 0 !important;background-repeat: repeat !important;}&#8221; el_class=&#8221;treci-div&#8221; kswr_row_top_decor_enabled=&#8221;false&#8221; kswr_row_bottom_decor_enabled=&#8221;false&#8221;][vc_column]<div id=\"ultimate-heading-452769f5052ec801e\" class=\"uvc-heading ult-adjust-bottom-margin ultimate-heading-452769f5052ec801e uvc-5481 naslov\" data-hspacer=\"no_spacer\"  data-halign=\"center\" style=\"text-align:center\"><div class=\"uvc-heading-spacer no_spacer\" style=\"top\"><\/div><div class=\"uvc-main-heading ult-responsive\"  data-ultimate-target='.uvc-heading.ultimate-heading-452769f5052ec801e h2'  data-responsive-json-new='{\"font-size\":\"\",\"line-height\":\"\"}' ><h2 style=\"font-weight:normal;\">Obratite nam se s povjerenjem<\/h2><\/div><\/div>[vc_column_text]<\/p>\n<h4 style=\"text-align: center;\">Rado \u0107emo odgovoriti na sva Va\u0161a pitanja<\/h4>\n<p>[\/vc_column_text][\/vc_column][\/vc_row][vc_row full_width=&#8221;stretch_row&#8221; css=&#8221;.vc_custom_1519673718904{background-color: #f1f1f1 !important;background-position: 0 0 !important;background-repeat: repeat !important;}&#8221; kswr_row_top_decor_enabled=&#8221;false&#8221; kswr_row_bottom_decor_enabled=&#8221;false&#8221;][vc_column width=&#8221;1\/12&#8243;][\/vc_column][vc_column css_animation=&#8221;fadeInLeft&#8221; width=&#8221;5\/12&#8243;][vc_column_text el_class=&#8221;kontakt-info&#8221; css=&#8221;.vc_custom_1544554662457{background-image: url(http:\/\/apartments-pavic.com\/wp-content\/uploads\/2018\/05\/kontakt.png?id=16) !important;}&#8221;]<\/p>\n<h4>Apartmani Pavi\u0107<\/h4>\n<p><i class=\"icon-home\" style=\"\"><\/i> Sapavac 7<br \/>\n<span style=\"margin-left: 24px;\">Otok Vir<\/span><br \/>\n<i class=\"icon-phone\" style=\"\"><\/i> Tel: <a href=\"tel:+38523362179\">+385 23 362 179<\/a><br \/>\n<i class=\"icon-mobile\" style=\"\"><\/i> Mob: <a href=\"tel:+385915907786\">+385 91 5907 786<\/a><br \/>\n<i class=\"icon-email\" style=\"\"><\/i> E-mail: <a href=\"mailto:info@apartments-pavic.com\">info@apartments-pavic.com<\/a><br \/>\n<i class=\"icon-email\" style=\"\"><\/i> E-mail: <a href=\"mailto:info@apartmani-pavic.hr\">info@apartmani-pavic.hr<\/a><br \/>\n<i class=\"icon-facebook-squared\" style=\"\"><\/i> Facebook: <a href=\"https:\/\/www.facebook.com\/apartmanipavic\/\">Apartments Pavi\u0107 &#8211; Sapavac<\/a>[\/vc_column_text][\/vc_column][vc_column css_animation=&#8221;fadeInRight&#8221; width=&#8221;5\/12&#8243; el_class=&#8221;kontakt-obrazac-div&#8221; css=&#8221;.vc_custom_1522267021520{padding-top: 30px !important;}&#8221;][vc_column_text]<\/p>\n<h4 style=\"text-align: center;\"><span style=\"color: #c5a46d;\"><i class=\"\" style=\"\"><\/i> Po\u0161aljite nam poruku:<\/span><\/h4>\n<p>[\/vc_column_text]\n<div class=\"wpcf7 no-js\" id=\"wpcf7-f5-o1\" lang=\"en-US\" dir=\"ltr\" data-wpcf7-id=\"5\">\n<div class=\"screen-reader-response\"><p role=\"status\" aria-live=\"polite\" aria-atomic=\"true\"><\/p> <ul><\/ul><\/div>\n<form action=\"\/hr\/wp-json\/wp\/v2\/pages\/10#wpcf7-f5-o1\" method=\"post\" class=\"wpcf7-form init\" aria-label=\"Contact form\" novalidate=\"novalidate\" data-status=\"init\">\n<div style=\"display: none;\">\n<input type=\"hidden\" name=\"_wpcf7\" value=\"5\" \/>\n<input type=\"hidden\" name=\"_wpcf7_version\" value=\"6.0.6\" \/>\n<input type=\"hidden\" name=\"_wpcf7_locale\" value=\"en_US\" \/>\n<input type=\"hidden\" name=\"_wpcf7_unit_tag\" value=\"wpcf7-f5-o1\" \/>\n<input type=\"hidden\" name=\"_wpcf7_container_post\" value=\"0\" \/>\n<input type=\"hidden\" name=\"_wpcf7_posted_data_hash\" value=\"\" \/>\n<input type=\"hidden\" name=\"_wpcf7_recaptcha_response\" value=\"\" \/>\n<\/div>\n<div class=\"column one-second\">\n\t<p><span class=\"wpcf7-form-control-wrap\" data-name=\"your-name\"><input size=\"40\" maxlength=\"400\" class=\"wpcf7-form-control wpcf7-text wpcf7-validates-as-required\" aria-required=\"true\" aria-invalid=\"false\" placeholder=\"Va\u0161e ime\" value=\"\" type=\"text\" name=\"your-name\" \/><\/span>\n\t<\/p>\n<\/div>\n<div class=\"column one-second\">\n\t<p><span class=\"wpcf7-form-control-wrap\" data-name=\"your-email\"><input size=\"40\" maxlength=\"400\" class=\"wpcf7-form-control wpcf7-email wpcf7-validates-as-required wpcf7-text wpcf7-validates-as-email\" aria-required=\"true\" aria-invalid=\"false\" placeholder=\"Va\u0161a e-mail adresa\" value=\"\" type=\"email\" name=\"your-email\" \/><\/span>\n\t<\/p>\n<\/div>\n<div class=\"column one\">\n\t<p><span class=\"wpcf7-form-control-wrap\" data-name=\"your-phone\"><input size=\"40\" maxlength=\"400\" class=\"wpcf7-form-control wpcf7-text wpcf7-validates-as-required\" aria-required=\"true\" aria-invalid=\"false\" placeholder=\"Va\u0161 kontakt telefon\" value=\"\" type=\"text\" name=\"your-phone\" \/><\/span>\n\t<\/p>\n<\/div>\n<div class=\"column one\">\n\t<p><span class=\"wpcf7-form-control-wrap\" data-name=\"your-message\"><textarea cols=\"40\" rows=\"5\" maxlength=\"2000\" class=\"wpcf7-form-control wpcf7-textarea\" aria-invalid=\"false\" placeholder=\"Poruka\" name=\"your-message\"><\/textarea><\/span>\n\t<\/p>\n<\/div>\n<div class=\"column one\">\n\t<p><span class=\"wpcf7-form-control-wrap\" data-name=\"your-consent\"><span class=\"wpcf7-form-control wpcf7-acceptance\"><span class=\"wpcf7-list-item\"><label><input type=\"checkbox\" name=\"your-consent\" value=\"1\" aria-invalid=\"false\" \/><span class=\"wpcf7-list-item-label\">Prihva\u0107am da se moji podaci pohrane kako bi mi se moglo odgovoriti na upit.<\/span><\/label><\/span><\/span><\/span>\n\t<\/p>\n<\/div>\n<div class=\"column one\">\n\t<p>Izjavu o privatnosti mo\u017eete pro\u010ditati <a href=\"https:\/\/apartments-pavic.com\/hr\/izjava-o-privatnosti\/\">ovdje<\/a>. Ova web stranica je za\u0161ti\u0107ena reCAPTCHA za\u0161titom i primjenjuju se <a href=\"https:\/\/policies.google.com\/privacy\">Google pravila o privatnosti<\/a> i <a href=\"https:\/\/policies.google.com\/terms\">Uvjeti pru\u017eanja usluge<\/a>.\n\t<\/p>\n<\/div>\n<div class=\"column one\">\n\t<p><input class=\"wpcf7-form-control wpcf7-submit has-spinner button_full_width\" type=\"submit\" value=\"Po\u0161aljite poruku\" \/>\n\t<\/p>\n<\/div><div class=\"wpcf7-response-output\" aria-hidden=\"true\"><\/div>\n<\/form>\n<\/div>\n[\/vc_column][vc_column width=&#8221;1\/12&#8243;][\/vc_column][\/vc_row]<\/p>\n<\/div>","protected":false},"excerpt":{"rendered":"<p>[vc_row full_width=&#8221;stretch_row_content_no_spaces&#8221; el_class=&#8221;karta&#8221; kswr_row_top_decor_enabled=&#8221;false&#8221; kswr_row_bottom_decor_enabled=&#8221;false&#8221; css=&#8221;.vc_custom_1543504846280{margin-top: -100px !important;}&#8221;][vc_column][\/vc_column][\/vc_row][vc_row full_width=&#8221;stretch_row&#8221; css=&#8221;.vc_custom_1519673703568{padding-top: 40px !important;padding-bottom: 40px !important;background-color: #fcfcfc !important;background-position: 0 0 !important;background-repeat: repeat !important;}&#8221; el_class=&#8221;treci-div&#8221; kswr_row_top_decor_enabled=&#8221;false&#8221; kswr_row_bottom_decor_enabled=&#8221;false&#8221;][vc_column][vc_column_text] Rado \u0107emo<span class=\"excerpt-hellip\"> [\u2026]<\/span><\/p>\n","protected":false},"author":1,"featured_media":0,"parent":0,"menu_order":0,"comment_status":"closed","ping_status":"closed","template":"","meta":{"footnotes":""},"class_list":["post-10","page","type-page","status-publish","hentry"],"_links":{"self":[{"href":"https:\/\/apartments-pavic.com\/hr\/wp-json\/wp\/v2\/pages\/10"}],"collection":[{"href":"https:\/\/apartments-pavic.com\/hr\/wp-json\/wp\/v2\/pages"}],"about":[{"href":"https:\/\/apartments-pavic.com\/hr\/wp-json\/wp\/v2\/types\/page"}],"author":[{"embeddable":true,"href":"https:\/\/apartments-pavic.com\/hr\/wp-json\/wp\/v2\/users\/1"}],"replies":[{"embeddable":true,"href":"https:\/\/apartments-pavic.com\/hr\/wp-json\/wp\/v2\/comments?post=10"}],"version-history":[{"count":16,"href":"https:\/\/apartments-pavic.com\/hr\/wp-json\/wp\/v2\/pages\/10\/revisions"}],"predecessor-version":[{"id":748,"href":"https:\/\/apartments-pavic.com\/hr\/wp-json\/wp\/v2\/pages\/10\/revisions\/748"}],"wp:attachment":[{"href":"https:\/\/apartments-pavic.com\/hr\/wp-json\/wp\/v2\/media?parent=10"}],"curies":[{"name":"wp","href":"https:\/\/api.w.org\/{rel}","templated":true}]}}